{"id":7226,"date":"2022-03-20T18:47:00","date_gmt":"2022-03-20T18:47:00","guid":{"rendered":"https:\/\/rrdevs.net\/demos\/wp\/busico\/?page_id=24"},"modified":"2026-03-05T12:05:31","modified_gmt":"2026-03-05T12:05:31","slug":"contacto","status":"publish","type":"page","link":"https:\/\/icovercubiertas.com\/en\/contacto\/","title":{"rendered":"Contact"},"content":{"rendered":"<div data-elementor-type=\"wp-page\" data-elementor-id=\"7226\" class=\"elementor elementor-7226\">\n\t\t\t\t\t\t<section class=\"elementor-section elementor-top-section elementor-element elementor-element-4d5f019 elementor-section-boxed elementor-section-height-default elementor-section-height-default rrdevs-custom-animation-no RRdevs-addons-sticky-no\" data-id=\"4d5f019\" data-element_type=\"section\" data-settings=\"{&quot;background_background&quot;:&quot;classic&quot;,&quot;animation_on&quot;:&quot;no&quot;,&quot;rrdevs_sticky&quot;:&quot;no&quot;}\">\n\t\t\t\t\t\t<div class=\"elementor-container elementor-column-gap-default\">\n\t\t\t\t\t<div class=\"elementor-column elementor-col-100 elementor-top-column elementor-element elementor-element-e3412a5\" data-id=\"e3412a5\" data-element_type=\"column\">\n\t\t\t<div class=\"elementor-widget-wrap elementor-element-populated\">\n\t\t\t\t\t\t<div class=\"elementor-element elementor-element-8d63448 RRdevs-addons-sticky-no elementor-widget elementor-widget-rrdevs-title\" data-id=\"8d63448\" data-element_type=\"widget\" data-settings=\"{&quot;rrdevs_sticky&quot;:&quot;no&quot;}\" data-widget_type=\"rrdevs-title.default\">\n\t\t\t\t<div class=\"elementor-widget-container\">\n\t\t\t\t\t<h2 class=\"rrdevs-addons-title show-line-no\">Contact<\/h2>\t\t\t\t<\/div>\n\t\t\t\t<\/div>\n\t\t\t\t<div class=\"elementor-element elementor-element-10ffde9 RRdevs-addons-sticky-no elementor-widget elementor-widget-rrdevs-breadcrumb\" data-id=\"10ffde9\" data-element_type=\"widget\" data-settings=\"{&quot;rrdevs_sticky&quot;:&quot;no&quot;}\" data-widget_type=\"rrdevs-breadcrumb.default\">\n\t\t\t\t<div class=\"elementor-widget-container\">\n\t\t\t\t\t<ul class=\"rrdevs-breadcrumbs\"><li class=\"rrdevs-breadcrumbs-item rrdevs-breadcrumbs-start\"><a href=\"https:\/\/icovercubiertas.com\/en\/\" rel=\"home\"><span class=\"rrdevs-breadcrumbs-text\">Home<\/span><\/a><\/li><\/ul>\t\t\t\t<\/div>\n\t\t\t\t<\/div>\n\t\t\t\t\t<\/div>\n\t\t<\/div>\n\t\t\t\t\t<\/div>\n\t\t<\/section>\n\t\t\t\t<section class=\"elementor-section elementor-top-section elementor-element elementor-element-40c2a9d elementor-section-boxed elementor-section-height-default elementor-section-height-default rrdevs-custom-animation-no RRdevs-addons-sticky-no\" data-id=\"40c2a9d\" data-element_type=\"section\" data-settings=\"{&quot;background_background&quot;:&quot;classic&quot;,&quot;animation_on&quot;:&quot;no&quot;,&quot;rrdevs_sticky&quot;:&quot;no&quot;}\">\n\t\t\t\t\t\t<div class=\"elementor-container elementor-column-gap-default\">\n\t\t\t\t\t<div class=\"elementor-column elementor-col-50 elementor-top-column elementor-element elementor-element-20dbbc9\" data-id=\"20dbbc9\" data-element_type=\"column\" data-settings=\"{&quot;background_background&quot;:&quot;classic&quot;,&quot;animation&quot;:&quot;none&quot;}\">\n\t\t\t<div class=\"elementor-widget-wrap elementor-element-populated\">\n\t\t\t\t\t\t<div class=\"elementor-element elementor-element-974ce22 RRdevs-addons-sticky-no elementor-widget elementor-widget-heading\" data-id=\"974ce22\" data-element_type=\"widget\" data-settings=\"{&quot;rrdevs_sticky&quot;:&quot;no&quot;}\" data-widget_type=\"heading.default\">\n\t\t\t\t<div class=\"elementor-widget-container\">\n\t\t\t\t\t<h2 class=\"elementor-heading-title elementor-size-default\">Cu\u00e9ntanos<\/h2>\t\t\t\t<\/div>\n\t\t\t\t<\/div>\n\t\t\t\t<div class=\"elementor-element elementor-element-febf113 RRdevs-addons-sticky-no elementor-widget elementor-widget-rrdevs-contact-form\" data-id=\"febf113\" data-element_type=\"widget\" data-settings=\"{&quot;rrdevs_sticky&quot;:&quot;no&quot;}\" data-widget_type=\"rrdevs-contact-form.default\">\n\t\t\t\t<div class=\"elementor-widget-container\">\n\t\t\t\t\t                <div class=\"rrdevs-addons--contactform-wraper  rrdevs-addons-contact-from\">\n            \n<div class=\"wpcf7 no-js\" id=\"wpcf7-f7359-o1\" lang=\"en-US\" dir=\"ltr\" data-wpcf7-id=\"7359\">\n<div class=\"screen-reader-response\"><p role=\"status\" aria-live=\"polite\" aria-atomic=\"true\"><\/p> <ul><\/ul><\/div>\n<form action=\"\/en\/wp-json\/wp\/v2\/pages\/7226#wpcf7-f7359-o1\" method=\"post\" class=\"wpcf7-form init\" aria-label=\"Contact form\" novalidate=\"novalidate\" data-status=\"init\" data-trp-original-action=\"\/en\/wp-json\/wp\/v2\/pages\/7226#wpcf7-f7359-o1\">\n<div style=\"display: none;\">\n<input type=\"hidden\" name=\"_wpcf7\" value=\"7359\" \/>\n<input type=\"hidden\" name=\"_wpcf7_version\" value=\"6.0.3\" \/>\n<input type=\"hidden\" name=\"_wpcf7_locale\" value=\"en_US\" \/>\n<input type=\"hidden\" name=\"_wpcf7_unit_tag\" value=\"wpcf7-f7359-o1\" \/>\n<input type=\"hidden\" name=\"_wpcf7_container_post\" value=\"0\" \/>\n<input type=\"hidden\" name=\"_wpcf7_posted_data_hash\" value=\"\" \/>\n<\/div>\n<div class=\"busico-contact-us\">\n\t<div class=\"row\">\n\t\t<div class=\"col-md-6\">\n\t\t\t<p><span class=\"wpcf7-form-control-wrap\" data-name=\"text-149\"><input size=\"40\" maxlength=\"400\" class=\"wpcf7-form-control wpcf7-text wpcf7-validates-as-required\" aria-required=\"true\" aria-invalid=\"false\" placeholder=\"Nombre\" value=\"\" type=\"text\" name=\"text-149\" \/><\/span>\n\t\t\t<\/p>\n\t\t<\/div>\n\t\t<div class=\"col-md-6\">\n\t\t\t<p><span class=\"wpcf7-form-control-wrap\" data-name=\"text-358\"><input size=\"40\" maxlength=\"400\" class=\"wpcf7-form-control wpcf7-text wpcf7-validates-as-required\" aria-required=\"true\" aria-invalid=\"false\" placeholder=\"Apellido\" value=\"\" type=\"text\" name=\"text-358\" \/><\/span>\n\t\t\t<\/p>\n\t\t<\/div>\n\t\t<div class=\"col-12\">\n\t\t\t<p><span class=\"wpcf7-form-control-wrap\" data-name=\"email-707\"><input size=\"40\" maxlength=\"400\" class=\"wpcf7-form-control wpcf7-email wpcf7-validates-as-required wpcf7-text wpcf7-validates-as-email\" aria-required=\"true\" aria-invalid=\"false\" placeholder=\"E-mail\" value=\"\" type=\"email\" name=\"email-707\" \/><\/span>\n\t\t\t<\/p>\n\t\t<\/div>\n\t\t<div class=\"col-12\">\n\t\t\t<p><span class=\"wpcf7-form-control-wrap\" data-name=\"textarea-339\"><textarea cols=\"40\" rows=\"10\" maxlength=\"2000\" class=\"wpcf7-form-control wpcf7-textarea\" aria-invalid=\"false\" placeholder=\"En que podemos ayudarte?\" name=\"textarea-339\"><\/textarea><\/span>\n\t\t\t<\/p>\n\t\t<\/div>\n\t\t<div class=\"col-12\">\n\t\t\t<div class=\"busico-addons-btn-wraper\">\n\t\t\t\t<p><button class=\"busico-addons-btn style-one\" type=\"submit\">Mandar <i class=\"fas fa-paper-plane\"><\/i><\/button>\n\t\t\t\t<\/p>\n\t\t\t<\/div>\n\t\t<\/div>\n\t<\/div>\n<\/div><div class=\"wpcf7-response-output\" aria-hidden=\"true\"><\/div>\n<input type=\"hidden\" name=\"trp-form-language\" value=\"en\"\/><\/form>\n<\/div>\n        <\/div>\n        \t\t\t\t<\/div>\n\t\t\t\t<\/div>\n\t\t\t\t\t<\/div>\n\t\t<\/div>\n\t\t\t\t<div class=\"elementor-column elementor-col-50 elementor-top-column elementor-element elementor-element-db9adbd\" data-id=\"db9adbd\" data-element_type=\"column\" data-settings=\"{&quot;background_background&quot;:&quot;classic&quot;,&quot;animation&quot;:&quot;none&quot;}\">\n\t\t\t<div class=\"elementor-widget-wrap elementor-element-populated\">\n\t\t\t\t\t\t<div class=\"elementor-element elementor-element-c5faa26 RRdevs-addons-sticky-no elementor-widget elementor-widget-heading\" data-id=\"c5faa26\" data-element_type=\"widget\" data-settings=\"{&quot;rrdevs_sticky&quot;:&quot;no&quot;}\" data-widget_type=\"heading.default\">\n\t\t\t\t<div class=\"elementor-widget-container\">\n\t\t\t\t\t<h2 class=\"elementor-heading-title elementor-size-default\">CONT\u00c1CTANOS<\/h2>\t\t\t\t<\/div>\n\t\t\t\t<\/div>\n\t\t\t\t<div class=\"elementor-element elementor-element-ee6f91d elementor-position-left elementor-view-default elementor-mobile-position-top elementor-vertical-align-top RRdevs-addons-sticky-no elementor-widget elementor-widget-icon-box\" data-id=\"ee6f91d\" data-element_type=\"widget\" data-settings=\"{&quot;rrdevs_sticky&quot;:&quot;no&quot;}\" data-widget_type=\"icon-box.default\">\n\t\t\t\t<div class=\"elementor-widget-container\">\n\t\t\t\t\t\t\t<div class=\"elementor-icon-box-wrapper\">\n\n\t\t\t\t\t\t<div class=\"elementor-icon-box-icon\">\n\t\t\t\t<span  class=\"elementor-icon elementor-animation-\">\n\t\t\t\t<svg xmlns=\"http:\/\/www.w3.org\/2000\/svg\" id=\"_015---Email\" data-name=\"015---Email\" width=\"42.961\" height=\"42.964\" viewbox=\"0 0 42.961 42.964\"><path id=\"Shape\" d=\"M27.421,28.446a15.833,15.833,0,0,1-4.729-.746,7.153,7.153,0,0,1-4.751-5.416,8.217,8.217,0,0,1,2.695-7.532q.362-.353.753-.676A9.126,9.126,0,0,1,29.7,12.283a6.957,6.957,0,0,1,4.838,6.4A6.592,6.592,0,0,1,33,23.34a3.622,3.622,0,0,1-3.542,1.3,2.045,2.045,0,0,1-1.315-.913,1.944,1.944,0,0,1-.189-1.511c.626-2.367,1.263-5.964,1.269-6a.716.716,0,0,1,1.411.249c-.027.15-.653,3.693-1.295,6.117a.517.517,0,0,0,.032.407.637.637,0,0,0,.415.256,2.224,2.224,0,0,0,2.137-.849,5.154,5.154,0,0,0,1.189-3.642,5.539,5.539,0,0,0-3.835-5.105,7.662,7.662,0,0,0-6.97,1.529c-.23.191-.454.391-.668.6-1.113,1.083-2.891,3.329-2.292,6.215a5.8,5.8,0,0,0,3.784,4.342c3.358,1.071,8.183,1.2,10.726-1.961a.716.716,0,0,1,1.116.9,9.359,9.359,0,0,1-7.548,3.174Z\" transform=\"translate(-5.054 -4.106)\" fill=\"#ff5e14\"><\/path><path id=\"Shape-2\" data-name=\"Shape\" d=\"M26.5,26.157a3.292,3.292,0,0,1-2.09-.7,4.05,4.05,0,0,1-1.027-4.312,6.56,6.56,0,0,1,.52-1.25,5.87,5.87,0,0,1,2.46-2.553,3.386,3.386,0,0,1,3.983.642,5.359,5.359,0,0,1,1.141,1.966.716.716,0,0,1-1.349.48,4,4,0,0,0-.828-1.458,1.938,1.938,0,0,0-2.315-.346,4.489,4.489,0,0,0-1.837,1.957,5.127,5.127,0,0,0-.4.971,2.667,2.667,0,0,0,.551,2.784,2.561,2.561,0,0,0,3.052-.3A7.985,7.985,0,0,0,29.866,22.2a.716.716,0,1,1,1.217.755,9.4,9.4,0,0,1-1.791,2.168,4.4,4.4,0,0,1-2.8,1.037Z\" transform=\"translate(-6.579 -5.529)\" fill=\"#ff5e14\"><\/path><path id=\"Shape-3\" data-name=\"Shape\" d=\"M40.813,49.356H2.148A2.15,2.15,0,0,1,0,47.208V20.716a.716.716,0,0,1,1.174-.551l17.569,14.6a4.3,4.3,0,0,0,5.477,0l17.567-14.6a.716.716,0,0,1,1.174.551V47.208a2.15,2.15,0,0,1-2.148,2.148ZM1.432,22.242V47.208a.717.717,0,0,0,.716.716H40.813a.717.717,0,0,0,.716-.716V22.242l-16.4,13.626a5.735,5.735,0,0,1-7.305,0Z\" transform=\"translate(0 -6.392)\" fill=\"#ff5e14\"><\/path><path id=\"Shape-4\" data-name=\"Shape\" d=\"M.717,19.622a.716.716,0,0,1-.415-1.3l6.444-4.568a.716.716,0,0,1,.828,1.168L1.13,19.49a.712.712,0,0,1-.413.132Z\" transform=\"translate(0 -4.583)\" fill=\"#ff5e14\"><\/path><path id=\"Shape-5\" data-name=\"Shape\" d=\"M56.162,19.622a.712.712,0,0,1-.413-.132L49.3,14.922a.716.716,0,0,1,.828-1.168l6.444,4.568a.716.716,0,0,1-.415,1.3Z\" transform=\"translate(-13.918 -4.583)\" fill=\"#ff5e14\"><\/path><path id=\"Shape-6\" data-name=\"Shape\" d=\"M33.708,6.011a.714.714,0,0,1-.414-.132L29.871,3.452a4.3,4.3,0,0,0-5.515-.033L20.891,5.879a.716.716,0,0,1-.829-1.168l3.423-2.427a5.7,5.7,0,0,1,7.258.033l3.38,2.394a.716.716,0,0,1-.415,1.3Z\" transform=\"translate(-5.612 -0.996)\" fill=\"#ff5e14\"><\/path><path id=\"Shape-7\" data-name=\"Shape\" d=\"M1.366,54.506a.716.716,0,0,1-.458-1.267L17.247,39.663a.716.716,0,1,1,.915,1.1L1.823,54.34a.714.714,0,0,1-.457.165Z\" transform=\"translate(-0.184 -11.928)\" fill=\"#ff5e14\"><\/path><path id=\"Shape-8\" data-name=\"Shape\" d=\"M51.582,54.506a.712.712,0,0,1-.457-.165L34.786,40.765a.716.716,0,1,1,.915-1.1L52.04,53.239a.716.716,0,0,1-.458,1.267Z\" transform=\"translate(-9.804 -11.928)\" fill=\"#ff5e14\"><\/path><path id=\"Shape-9\" data-name=\"Shape\" d=\"M38.357,22.812a.716.716,0,0,1-.716-.716V7.437c0,.015-.031-.005-.079-.006H10.511a.116.116,0,0,0-.086.031L10.432,22.1A.716.716,0,1,1,9,22.1V7.432A1.474,1.474,0,0,1,10.511,6H37.562a1.475,1.475,0,0,1,1.511,1.432V22.1A.716.716,0,0,1,38.357,22.812Z\" transform=\"translate(-2.556 -2.417)\" fill=\"#ff5e14\"><\/path><\/svg>\t\t\t\t<\/span>\n\t\t\t<\/div>\n\t\t\t\n\t\t\t\t\t\t<div class=\"elementor-icon-box-content\">\n\n\t\t\t\t\t\t\t\t\t<h3 class=\"elementor-icon-box-title\">\n\t\t\t\t\t\t<span  >\n\t\t\t\t\t\t\tE-mail\t\t\t\t\t\t<\/span>\n\t\t\t\t\t<\/h3>\n\t\t\t\t\n\t\t\t\t\t\t\t\t\t<p class=\"elementor-icon-box-description\">\n\t\t\t\t\t\ticoverpc@gmail.com\t\t\t\t\t<\/p>\n\t\t\t\t\n\t\t\t<\/div>\n\t\t\t\n\t\t<\/div>\n\t\t\t\t\t\t<\/div>\n\t\t\t\t<\/div>\n\t\t\t\t<div class=\"elementor-element elementor-element-f3c3925 elementor-position-left elementor-view-default elementor-mobile-position-top elementor-vertical-align-top RRdevs-addons-sticky-no elementor-widget elementor-widget-icon-box\" data-id=\"f3c3925\" data-element_type=\"widget\" data-settings=\"{&quot;rrdevs_sticky&quot;:&quot;no&quot;}\" data-widget_type=\"icon-box.default\">\n\t\t\t\t<div class=\"elementor-widget-container\">\n\t\t\t\t\t\t\t<div class=\"elementor-icon-box-wrapper\">\n\n\t\t\t\t\t\t<div class=\"elementor-icon-box-icon\">\n\t\t\t\t<span  class=\"elementor-icon elementor-animation-\">\n\t\t\t\t<svg xmlns=\"http:\/\/www.w3.org\/2000\/svg\" xmlns:xlink=\"http:\/\/www.w3.org\/1999\/xlink\" width=\"42.964\" height=\"42.964\" viewbox=\"0 0 42.964 42.964\"><defs><clippath id=\"clip-path\"><rect width=\"42.964\" height=\"42.964\" fill=\"none\"><\/rect><\/clippath><\/defs><g id=\"call\" clip-path=\"url(#clip-path)\"><g id=\"call-2\" data-name=\"call\"><path id=\"Path_2730\" data-name=\"Path 2730\" d=\"M4.3,42.964H21.482a4.3,4.3,0,0,0,4.3-4.3.716.716,0,0,0-1.432,0,2.864,2.864,0,0,1-2.864,2.864H4.3a2.864,2.864,0,0,1-2.864-2.864V4.3A2.864,2.864,0,0,1,4.3,1.432H4.57L6.124,4.541A2.136,2.136,0,0,0,8.046,5.729h9.687a2.136,2.136,0,0,0,1.921-1.187l1.555-3.109h.274A2.864,2.864,0,0,1,24.346,4.3V5.729a.716.716,0,0,0,1.432,0V4.3a4.3,4.3,0,0,0-4.3-4.3H4.3A4.3,4.3,0,0,0,0,4.3V38.667a4.3,4.3,0,0,0,4.3,4.3ZM18.373,3.9a.712.712,0,0,1-.64.4H8.046a.712.712,0,0,1-.64-.4L6.171,1.432H19.607Z\" fill=\"#ff5e14\"><\/path><path id=\"Path_2731\" data-name=\"Path 2731\" d=\"M21.173,55.432a.716.716,0,0,0,0-1.432H9.716a.716.716,0,0,0,0,1.432Z\" transform=\"translate(-2.555 -15.333)\" fill=\"#ff5e14\"><\/path><path id=\"Path_2732\" data-name=\"Path 2732\" d=\"M43.159,28.674a2.936,2.936,0,0,0-4.056,0l-1.419,1.419a.184.184,0,0,1-.231.032A19.468,19.468,0,0,1,32.93,25.6a.182.182,0,0,1,.032-.224l1.423-1.423a2.872,2.872,0,0,0,0-4.056l-2.051-2.052a2.936,2.936,0,0,0-4.054,0,8.847,8.847,0,0,0-2.035,8.209A12.458,12.458,0,0,0,29.908,32.2c.644.621.52.508.963.963A12.424,12.424,0,0,0,37,36.81a8.877,8.877,0,0,0,8.206-2.036,2.864,2.864,0,0,0,0-4.056ZM44.2,33.766a6.684,6.684,0,0,1-4.924,1.862c-3.007,0-5.262-1.377-7.384-3.476-.73-.754-.7-.7-.972-.972a11.1,11.1,0,0,1-3.27-5.425,7.428,7.428,0,0,1,1.647-6.893,1.432,1.432,0,0,1,2.03,0l2.052,2.049a1.432,1.432,0,0,1,0,2.031l-1.432,1.426a1.6,1.6,0,0,0-.174,2.077,20.935,20.935,0,0,0,4.841,4.842,1.6,1.6,0,0,0,2.082-.175l1.425-1.427a1.437,1.437,0,0,1,2.031,0L44.2,31.733a1.432,1.432,0,0,1,0,2.033Z\" transform=\"translate(-7.382 -4.837)\" fill=\"#ff5e14\"><\/path><path id=\"Path_2733\" data-name=\"Path 2733\" d=\"M40.938,11H20.889a4.3,4.3,0,0,0-4.3,4.3v4.583L8.753,24.06a1.432,1.432,0,0,0,0,2.523l7.839,4.18v4.583a4.3,4.3,0,0,0,4.3,4.3h20.05a4.3,4.3,0,0,0,4.3-4.3V15.3A4.3,4.3,0,0,0,40.938,11ZM43.8,35.346a2.864,2.864,0,0,1-2.864,2.864H20.889a2.864,2.864,0,0,1-2.864-2.864V30.334a.716.716,0,0,0-.379-.632L9.432,25.321l8.216-4.382a.716.716,0,0,0,.377-.63V15.3a2.864,2.864,0,0,1,2.864-2.864h20.05A2.864,2.864,0,0,1,43.8,15.3Z\" transform=\"translate(-2.271 -3.123)\" fill=\"#ff5e14\"><\/path><\/g><\/g><\/svg>\t\t\t\t<\/span>\n\t\t\t<\/div>\n\t\t\t\n\t\t\t\t\t\t<div class=\"elementor-icon-box-content\">\n\n\t\t\t\t\t\t\t\t\t<h3 class=\"elementor-icon-box-title\">\n\t\t\t\t\t\t<span  >\n\t\t\t\t\t\t\tLl\u00e1manos\t\t\t\t\t\t<\/span>\n\t\t\t\t\t<\/h3>\n\t\t\t\t\n\t\t\t\t\t\t\t\t\t<p class=\"elementor-icon-box-description\">\n\t\t\t\t\t\t+34 653758746\t\t\t\t\t<\/p>\n\t\t\t\t\n\t\t\t<\/div>\n\t\t\t\n\t\t<\/div>\n\t\t\t\t\t\t<\/div>\n\t\t\t\t<\/div>\n\t\t\t\t<div class=\"elementor-element elementor-element-7d33412 elementor-position-left elementor-view-default elementor-mobile-position-top elementor-vertical-align-top RRdevs-addons-sticky-no elementor-widget elementor-widget-icon-box\" data-id=\"7d33412\" data-element_type=\"widget\" data-settings=\"{&quot;rrdevs_sticky&quot;:&quot;no&quot;}\" data-widget_type=\"icon-box.default\">\n\t\t\t\t<div class=\"elementor-widget-container\">\n\t\t\t\t\t\t\t<div class=\"elementor-icon-box-wrapper\">\n\n\t\t\t\t\t\t<div class=\"elementor-icon-box-icon\">\n\t\t\t\t<span  class=\"elementor-icon elementor-animation-\">\n\t\t\t\t<svg xmlns=\"http:\/\/www.w3.org\/2000\/svg\" width=\"44.966\" height=\"44.964\" viewbox=\"0 0 44.966 44.964\"><g id=\"location\" transform=\"translate(-4.556 -4.559)\"><path id=\"Path_2736\" data-name=\"Path 2736\" d=\"M60.4,27.834a5.589,5.589,0,1,0-5.589,5.59,5.589,5.589,0,0,0,5.589-5.59Zm-9.854,0A4.265,4.265,0,1,1,54.812,32.1a4.265,4.265,0,0,1-4.265-4.266Z\" transform=\"translate(-27.773 -10.997)\" fill=\"#ff5e14\"><\/path><path id=\"Path_2737\" data-name=\"Path 2737\" d=\"M49.478,48.626l-5.4-14.145a.662.662,0,0,0-.618-.426H33.252c.062-.1.124-.2.187-.3,3.929-6.505,5.907-12.2,5.878-16.912a12.278,12.278,0,1,0-24.557,0c-.028,4.718,1.949,10.409,5.878,16.914.062.1.124.2.187.3H10.613a.662.662,0,0,0-.618.426L4.6,48.626a.661.661,0,0,0,.618.9H48.859a.661.661,0,0,0,.618-.9ZM16.084,16.837a10.955,10.955,0,0,1,21.909,0c.057,9.4-8.733,21-10.955,23.78-2.222-2.78-11.012-14.372-10.955-23.782ZM26.535,42.094a.662.662,0,0,0,1.008,0,70.242,70.242,0,0,0,4.879-6.717H43.007l.847,2.222L23.169,44.956,15.8,35.376h5.859a70.243,70.243,0,0,0,4.88,6.718Zm-3.388,4.274h0l12.34-4.387L40.277,48.2H18ZM11.07,35.376h3.056l7.732,10.046L14.05,48.2H6.179ZM41.949,48.2,36.8,41.512l7.527-2.677L47.9,48.2Z\" fill=\"#ff5e14\"><\/path><\/g><\/svg>\t\t\t\t<\/span>\n\t\t\t<\/div>\n\t\t\t\n\t\t\t\t\t\t<div class=\"elementor-icon-box-content\">\n\n\t\t\t\t\t\t\t\t\t<h3 class=\"elementor-icon-box-title\">\n\t\t\t\t\t\t<span  >\n\t\t\t\t\t\t\tDirecci\u00f3n\t\t\t\t\t\t<\/span>\n\t\t\t\t\t<\/h3>\n\t\t\t\t\n\t\t\t\t\t\t\t\t\t<p class=\"elementor-icon-box-description\">\n\t\t\t\t\t\tCalle General Prime, 34-1 Burjassot, 46100, Valencia\t\t\t\t\t<\/p>\n\t\t\t\t\n\t\t\t<\/div>\n\t\t\t\n\t\t<\/div>\n\t\t\t\t\t\t<\/div>\n\t\t\t\t<\/div>\n\t\t\t\t\t<\/div>\n\t\t<\/div>\n\t\t\t\t\t<\/div>\n\t\t<\/section>\n\t\t\t\t<section class=\"elementor-section elementor-top-section elementor-element elementor-element-aa332fb elementor-section-full_width elementor-section-height-default elementor-section-height-default rrdevs-custom-animation-no RRdevs-addons-sticky-no\" data-id=\"aa332fb\" data-element_type=\"section\" data-settings=\"{&quot;animation_on&quot;:&quot;no&quot;,&quot;rrdevs_sticky&quot;:&quot;no&quot;}\">\n\t\t\t\t\t\t<div class=\"elementor-container elementor-column-gap-no\">\n\t\t\t\t\t<div class=\"elementor-column elementor-col-100 elementor-top-column elementor-element elementor-element-d3ae40e\" data-id=\"d3ae40e\" data-element_type=\"column\">\n\t\t\t<div class=\"elementor-widget-wrap elementor-element-populated\">\n\t\t\t\t\t\t<div class=\"elementor-element elementor-element-9dc7fff RRdevs-addons-sticky-no elementor-widget elementor-widget-google_maps\" data-id=\"9dc7fff\" data-element_type=\"widget\" data-settings=\"{&quot;rrdevs_sticky&quot;:&quot;no&quot;}\" data-widget_type=\"google_maps.default\">\n\t\t\t\t<div class=\"elementor-widget-container\">\n\t\t\t\t\t\t\t<div class=\"elementor-custom-embed\">\n\t\t\t<iframe loading=\"lazy\"\n\t\t\t\t\tsrc=\"https:\/\/maps.google.com\/maps?q=Calle%20General%20Prime%2C%2034-1%20Burjassot%2C%2046100%2C%20Valencia&#038;t=m&#038;z=13&#038;output=embed&#038;iwloc=near\"\n\t\t\t\t\ttitle=\"Calle General Prime, 34-1 Burjassot, 46100, Valencia\"\n\t\t\t\t\taria-label=\"Calle General Prime, 34-1 Burjassot, 46100, Valencia\"\n\t\t\t><\/iframe>\n\t\t<\/div>\n\t\t\t\t\t\t<\/div>\n\t\t\t\t<\/div>\n\t\t\t\t\t<\/div>\n\t\t<\/div>\n\t\t\t\t\t<\/div>\n\t\t<\/section>\n\t\t\t\t<\/div>","protected":false},"excerpt":{"rendered":"<p>Contacto Home Cu\u00e9ntanos Mandar CONT\u00c1CTANOS Correo electr\u00f3nico icoverpc@gmail.com Ll\u00e1manos +34 653758746 Direcci\u00f3n Calle General Prime, 34-1 Burjassot, 46100, Valencia<\/p>","protected":false},"author":1,"featured_media":0,"parent":0,"menu_order":0,"comment_status":"closed","ping_status":"closed","template":"elementor_header_footer","meta":{"_acf_changed":false,"inline_featured_image":false,"_monsterinsights_skip_tracking":false,"_monsterinsights_sitenote_active":false,"_monsterinsights_sitenote_note":"","_monsterinsights_sitenote_category":0,"footnotes":""},"class_list":["post-7226","page","type-page","status-publish","hentry"],"acf":[],"yoast_head":"<!-- This site is optimized with the Yoast SEO plugin v24.2 - https:\/\/yoast.com\/wordpress\/plugins\/seo\/ -->\n<title>Contacto - Icover<\/title>\n<meta name=\"robots\" content=\"index, follow, max-snippet:-1, max-image-preview:large, max-video-preview:-1\" \/>\n<link rel=\"canonical\" href=\"https:\/\/icovercubiertas.com\/en\/contacto\/\" \/>\n<meta property=\"og:locale\" content=\"en_GB\" \/>\n<meta property=\"og:type\" content=\"article\" \/>\n<meta property=\"og:title\" content=\"Contacto - Icover\" \/>\n<meta property=\"og:description\" content=\"Contacto Home Cu\u00e9ntanos Mandar CONT\u00c1CTANOS Correo electr\u00f3nico icoverpc@gmail.com Ll\u00e1manos +34 653758746 Direcci\u00f3n Calle General Prime, 34-1 Burjassot, 46100, Valencia\" \/>\n<meta property=\"og:url\" content=\"https:\/\/icovercubiertas.com\/en\/contacto\/\" \/>\n<meta property=\"og:site_name\" content=\"Icover\" \/>\n<meta property=\"article:modified_time\" content=\"2026-03-05T12:05:31+00:00\" \/>\n<meta name=\"twitter:card\" content=\"summary_large_image\" \/>\n<meta name=\"twitter:label1\" content=\"Estimated reading time\" \/>\n\t<meta name=\"twitter:data1\" content=\"1 minute\" \/>\n<script type=\"application\/ld+json\" class=\"yoast-schema-graph\">{\"@context\":\"https:\/\/schema.org\",\"@graph\":[{\"@type\":\"WebPage\",\"@id\":\"https:\/\/icovercubiertas.com\/contacto\/\",\"url\":\"https:\/\/icovercubiertas.com\/contacto\/\",\"name\":\"Contacto - Icover\",\"isPartOf\":{\"@id\":\"https:\/\/icovercubiertas.com\/#website\"},\"datePublished\":\"2022-03-20T18:47:00+00:00\",\"dateModified\":\"2026-03-05T12:05:31+00:00\",\"breadcrumb\":{\"@id\":\"https:\/\/icovercubiertas.com\/contacto\/#breadcrumb\"},\"inLanguage\":\"en-GB\",\"potentialAction\":[{\"@type\":\"ReadAction\",\"target\":[\"https:\/\/icovercubiertas.com\/contacto\/\"]}]},{\"@type\":\"BreadcrumbList\",\"@id\":\"https:\/\/icovercubiertas.com\/contacto\/#breadcrumb\",\"itemListElement\":[{\"@type\":\"ListItem\",\"position\":1,\"name\":\"Portada\",\"item\":\"https:\/\/icovercubiertas.com\/\"},{\"@type\":\"ListItem\",\"position\":2,\"name\":\"Contacto\"}]},{\"@type\":\"WebSite\",\"@id\":\"https:\/\/icovercubiertas.com\/#website\",\"url\":\"https:\/\/icovercubiertas.com\/\",\"name\":\"Icover\",\"description\":\"\",\"publisher\":{\"@id\":\"https:\/\/icovercubiertas.com\/#organization\"},\"potentialAction\":[{\"@type\":\"SearchAction\",\"target\":{\"@type\":\"EntryPoint\",\"urlTemplate\":\"https:\/\/icovercubiertas.com\/?s={search_term_string}\"},\"query-input\":{\"@type\":\"PropertyValueSpecification\",\"valueRequired\":true,\"valueName\":\"search_term_string\"}}],\"inLanguage\":\"en-GB\"},{\"@type\":\"Organization\",\"@id\":\"https:\/\/icovercubiertas.com\/#organization\",\"name\":\"Icover\",\"url\":\"https:\/\/icovercubiertas.com\/\",\"logo\":{\"@type\":\"ImageObject\",\"inLanguage\":\"en-GB\",\"@id\":\"https:\/\/icovercubiertas.com\/#\/schema\/logo\/image\/\",\"url\":\"https:\/\/icovercubiertas.com\/wp-content\/uploads\/2024\/12\/cropped-cropped-Mesa-de-trabajo-2-8-1.png\",\"contentUrl\":\"https:\/\/icovercubiertas.com\/wp-content\/uploads\/2024\/12\/cropped-cropped-Mesa-de-trabajo-2-8-1.png\",\"width\":512,\"height\":512,\"caption\":\"Icover\"},\"image\":{\"@id\":\"https:\/\/icovercubiertas.com\/#\/schema\/logo\/image\/\"}}]}<\/script>\n<!-- \/ Yoast SEO plugin. -->","yoast_head_json":{"title":"Contacto - Icover","robots":{"index":"index","follow":"follow","max-snippet":"max-snippet:-1","max-image-preview":"max-image-preview:large","max-video-preview":"max-video-preview:-1"},"canonical":"https:\/\/icovercubiertas.com\/en\/contacto\/","og_locale":"en_GB","og_type":"article","og_title":"Contacto - Icover","og_description":"Contacto Home Cu\u00e9ntanos Mandar CONT\u00c1CTANOS Correo electr\u00f3nico icoverpc@gmail.com Ll\u00e1manos +34 653758746 Direcci\u00f3n Calle General Prime, 34-1 Burjassot, 46100, Valencia","og_url":"https:\/\/icovercubiertas.com\/en\/contacto\/","og_site_name":"Icover","article_modified_time":"2026-03-05T12:05:31+00:00","twitter_card":"summary_large_image","twitter_misc":{"Estimated reading time":"1 minute"},"schema":{"@context":"https:\/\/schema.org","@graph":[{"@type":"WebPage","@id":"https:\/\/icovercubiertas.com\/contacto\/","url":"https:\/\/icovercubiertas.com\/contacto\/","name":"Contacto - Icover","isPartOf":{"@id":"https:\/\/icovercubiertas.com\/#website"},"datePublished":"2022-03-20T18:47:00+00:00","dateModified":"2026-03-05T12:05:31+00:00","breadcrumb":{"@id":"https:\/\/icovercubiertas.com\/contacto\/#breadcrumb"},"inLanguage":"en-GB","potentialAction":[{"@type":"ReadAction","target":["https:\/\/icovercubiertas.com\/contacto\/"]}]},{"@type":"BreadcrumbList","@id":"https:\/\/icovercubiertas.com\/contacto\/#breadcrumb","itemListElement":[{"@type":"ListItem","position":1,"name":"Portada","item":"https:\/\/icovercubiertas.com\/"},{"@type":"ListItem","position":2,"name":"Contacto"}]},{"@type":"WebSite","@id":"https:\/\/icovercubiertas.com\/#website","url":"https:\/\/icovercubiertas.com\/","name":"Icover","description":"","publisher":{"@id":"https:\/\/icovercubiertas.com\/#organization"},"potentialAction":[{"@type":"SearchAction","target":{"@type":"EntryPoint","urlTemplate":"https:\/\/icovercubiertas.com\/?s={search_term_string}"},"query-input":{"@type":"PropertyValueSpecification","valueRequired":true,"valueName":"search_term_string"}}],"inLanguage":"en-GB"},{"@type":"Organization","@id":"https:\/\/icovercubiertas.com\/#organization","name":"Icover","url":"https:\/\/icovercubiertas.com\/","logo":{"@type":"ImageObject","inLanguage":"en-GB","@id":"https:\/\/icovercubiertas.com\/#\/schema\/logo\/image\/","url":"https:\/\/icovercubiertas.com\/wp-content\/uploads\/2024\/12\/cropped-cropped-Mesa-de-trabajo-2-8-1.png","contentUrl":"https:\/\/icovercubiertas.com\/wp-content\/uploads\/2024\/12\/cropped-cropped-Mesa-de-trabajo-2-8-1.png","width":512,"height":512,"caption":"Icover"},"image":{"@id":"https:\/\/icovercubiertas.com\/#\/schema\/logo\/image\/"}}]}},"_links":{"self":[{"href":"https:\/\/icovercubiertas.com\/en\/wp-json\/wp\/v2\/pages\/7226","targetHints":{"allow":["GET"]}}],"collection":[{"href":"https:\/\/icovercubiertas.com\/en\/wp-json\/wp\/v2\/pages"}],"about":[{"href":"https:\/\/icovercubiertas.com\/en\/wp-json\/wp\/v2\/types\/page"}],"author":[{"embeddable":true,"href":"https:\/\/icovercubiertas.com\/en\/wp-json\/wp\/v2\/users\/1"}],"replies":[{"embeddable":true,"href":"https:\/\/icovercubiertas.com\/en\/wp-json\/wp\/v2\/comments?post=7226"}],"version-history":[{"count":26,"href":"https:\/\/icovercubiertas.com\/en\/wp-json\/wp\/v2\/pages\/7226\/revisions"}],"predecessor-version":[{"id":7622,"href":"https:\/\/icovercubiertas.com\/en\/wp-json\/wp\/v2\/pages\/7226\/revisions\/7622"}],"wp:attachment":[{"href":"https:\/\/icovercubiertas.com\/en\/wp-json\/wp\/v2\/media?parent=7226"}],"curies":[{"name":"wp","href":"https:\/\/api.w.org\/{rel}","templated":true}]}}